{"id":151,"date":"2023-08-09T18:25:30","date_gmt":"2023-08-10T00:25:30","guid":{"rendered":"https:\/\/coyresa.com.gt\/?page_id=151"},"modified":"2023-09-13T13:00:29","modified_gmt":"2023-09-13T19:00:29","slug":"portafolio","status":"publish","type":"page","link":"https:\/\/coyresa.com.gt\/index.php\/portafolio\/","title":{"rendered":"Portafolio de Servicios"},"content":{"rendered":"\n<h2 class=\"wp-block-heading has-text-align-center gutenify-section-8af44660-3d1b-11ee-a10e-e12527bda752 gtfy-1\">CONSTRUCCI\u00d3N DE VIVIENDAS<\/h2>\n\n\n\n<div class=\"wp-block-columns gutenify-section-bc51e8c0-3d1b-11ee-a10e-e12527bda752 is-layout-flex wp-container-core-columns-is-layout-28f84493 wp-block-columns-is-layout-flex gtfy-16\">\n<div class=\"wp-block-column gutenify-section-be0760f0-3d1b-11ee-a10e-e12527bda752 is-layout-flow wp-block-column-is-layout-flow gtfy-7\">\n<figure class=\"wp-block-image aligncenter size-large is-resized gutenify-section-ca4cb4a0-3d1b-11ee-a10e-e12527bda752 gtfy-4\"><img loading=\"lazy\" decoding=\"async\" src=\"https:\/\/coyresa.com.gt\/wp-content\/uploads\/2023\/08\/Diseno-4-1024x1014.jpg\" alt=\"\" class=\"wp-image-184\" style=\"width:267px;height:264px\" width=\"267\" height=\"264\" srcset=\"https:\/\/coyresa.com.gt\/wp-content\/uploads\/2023\/08\/Diseno-4-1024x1014.jpg 1024w, https:\/\/coyresa.com.gt\/wp-content\/uploads\/2023\/08\/Diseno-4-300x297.jpg 300w, https:\/\/coyresa.com.gt\/wp-content\/uploads\/2023\/08\/Diseno-4-768x761.jpg 768w, https:\/\/coyresa.com.gt\/wp-content\/uploads\/2023\/08\/Diseno-4.jpg 1136w\" sizes=\"auto, (max-width: 267px) 100vw, 267px\" \/><figcaption class=\"wp-element-caption\">Dise\u00f1o de Viviendas &#8211; COYRESA<\/figcaption><\/figure>\n\n\n\n<h3 class=\"wp-block-heading has-text-align-center gutenify-section-d1e0ca60-3d1d-11ee-a10e-e12527bda752 gtfy-5\">Dise\u00f1o de Viviendas<\/h3>\n\n\n\n<p class=\"gutenify-section-0e5f4f90-3d1c-11ee-a10e-e12527bda752 gtfy-6\">Realizamos los dise\u00f1os de diferentes tipos de viviendas.&nbsp; Presentamos soluciones a la medida y con la est\u00e9tica y funcionalidad. Todo esto acorde a las necesidades y deseos presentados por nuestros clientes.<\/p>\n<\/div>\n\n\n\n<div class=\"wp-block-column gutenify-section-be14a760-3d1b-11ee-a10e-e12527bda752 is-layout-flow wp-block-column-is-layout-flow gtfy-11\">\n<figure class=\"wp-block-image aligncenter size-full gutenify-section-4d6a92c0-3d1d-11ee-a10e-e12527bda752 gtfy-8\"><img loading=\"lazy\" decoding=\"async\" width=\"285\" height=\"271\" src=\"https:\/\/coyresa.com.gt\/wp-content\/uploads\/2023\/08\/Planos.gif\" alt=\"\" class=\"wp-image-185\"\/><figcaption class=\"wp-element-caption\">Planificaci\u00f3n &#8211; COYRESA<\/figcaption><\/figure>\n\n\n\n<h3 class=\"wp-block-heading has-text-align-center gutenify-section-798cf190-3d1d-11ee-a10e-e12527bda752 gtfy-9\">Planificaci\u00f3n de Proyectos<\/h3>\n\n\n\n<p class=\"gutenify-section-b84b69c0-3d1d-11ee-a10e-e12527bda752 gtfy-10\">Acompa\u00f1amos a nuestros clientes a lo largo de todo el proyecto. Desde el desarrollo del dise\u00f1o hasta la entrega de llaves en mano de su nuevo hogar. &nbsp; Planificando todas las actividades de los proyectos y asegurando que estas se lleven a cabo seg\u00fan lo planeado.<\/p>\n<\/div>\n\n\n\n<div class=\"wp-block-column gutenify-section-be21edd0-3d1b-11ee-a10e-e12527bda752 is-layout-flow wp-block-column-is-layout-flow gtfy-15\">\n<figure class=\"wp-block-image aligncenter size-large is-resized gutenify-section-34ce9b60-3d1f-11ee-a10e-e12527bda752 gtfy-12\"><img loading=\"lazy\" decoding=\"async\" src=\"https:\/\/coyresa.com.gt\/wp-content\/uploads\/2023\/08\/paredes-1-1024x768.jpeg\" alt=\"\" class=\"wp-image-188\" style=\"width:280px;height:209px\" width=\"280\" height=\"209\" srcset=\"https:\/\/coyresa.com.gt\/wp-content\/uploads\/2023\/08\/paredes-1-1024x768.jpeg 1024w, https:\/\/coyresa.com.gt\/wp-content\/uploads\/2023\/08\/paredes-1-300x225.jpeg 300w, https:\/\/coyresa.com.gt\/wp-content\/uploads\/2023\/08\/paredes-1-768x576.jpeg 768w, https:\/\/coyresa.com.gt\/wp-content\/uploads\/2023\/08\/paredes-1-1536x1152.jpeg 1536w, https:\/\/coyresa.com.gt\/wp-content\/uploads\/2023\/08\/paredes-1.jpeg 1600w\" sizes=\"auto, (max-width: 280px) 100vw, 280px\" \/><figcaption class=\"wp-element-caption\">Construcci\u00f3n &#8211; COYRESA<\/figcaption><\/figure>\n\n\n\n<h3 class=\"wp-block-heading has-text-align-center gutenify-section-641396f0-3d1f-11ee-a10e-e12527bda752 gtfy-13\">Construcci\u00f3n<\/h3>\n\n\n\n<p class=\"gutenify-section-8d3b7a70-3d1f-11ee-a10e-e12527bda752 gtfy-14\">Desarrollamos el servicio de construcci\u00f3n seg\u00fan el dise\u00f1o aprobado. Contamos con personal calificado y con varios a\u00f1os de experiencia en el \u00e1rea de la construcci\u00f3n. Entregando trabajo garantizado y con los mayores est\u00e1ndares de calidad.<\/p>\n<\/div>\n<\/div>\n\n\n\n<hr class=\"wp-block-separator has-alpha-channel-opacity is-style-wide gutenify-section-3a1b02e0-3d54-11ee-86a9-7596da4def81 gtfy-19\"\/>\n\n\n\n<h2 class=\"wp-block-heading has-text-align-center gutenify-section-ba05e3a0-3d20-11ee-a10e-e12527bda752 gtfy-22\">\u00c1rea Corporativa y Comercial<\/h2>\n\n\n\n<div class=\"wp-block-columns gutenify-section-3f647f70-3d21-11ee-a10e-e12527bda752 is-layout-flex wp-container-core-columns-is-layout-28f84493 wp-block-columns-is-layout-flex gtfy-33\">\n<div class=\"wp-block-column gutenify-section-43f970e0-3d21-11ee-a10e-e12527bda752 is-layout-flow wp-block-column-is-layout-flow gtfy-28\">\n<figure class=\"wp-block-image aligncenter size-large gutenify-section-50232640-3d21-11ee-a10e-e12527bda752 gtfy-25\"><img loading=\"lazy\" decoding=\"async\" width=\"1024\" height=\"768\" src=\"https:\/\/coyresa.com.gt\/wp-content\/uploads\/2023\/08\/ventanas-3-1024x768.jpg\" alt=\"\" class=\"wp-image-189\" srcset=\"https:\/\/coyresa.com.gt\/wp-content\/uploads\/2023\/08\/ventanas-3-1024x768.jpg 1024w, https:\/\/coyresa.com.gt\/wp-content\/uploads\/2023\/08\/ventanas-3-300x225.jpg 300w, https:\/\/coyresa.com.gt\/wp-content\/uploads\/2023\/08\/ventanas-3-768x576.jpg 768w, https:\/\/coyresa.com.gt\/wp-content\/uploads\/2023\/08\/ventanas-3-1536x1152.jpg 1536w, https:\/\/coyresa.com.gt\/wp-content\/uploads\/2023\/08\/ventanas-3.jpg 1600w\" sizes=\"auto, (max-width: 1024px) 100vw, 1024px\" \/><figcaption class=\"wp-element-caption\">Dise\u00f1o y Remodelaci\u00f3n de Oficinas &#8211; COYRESA<\/figcaption><\/figure>\n\n\n\n<h3 class=\"wp-block-heading has-text-align-center gutenify-section-9b5443b0-3d21-11ee-a10e-e12527bda752 gtfy-26\">Dise\u00f1o y Remodelaci\u00f3n de Oficinas<\/h3>\n\n\n\n<p class=\"gutenify-section-1e1fd890-3d22-11ee-a10e-e12527bda752 gtfy-27\">Dise\u00f1amos y desarrollamos los diferentes ambientes para oficinas. Esto acorde a las necesidades y deseos indicados por nuestros clientes. Velando que cada \u00e1rea desarrollada pueda ser utilizada de manera eficiente y confortable.<\/p>\n<\/div>\n\n\n\n<div class=\"wp-block-column gutenify-section-44178030-3d21-11ee-a10e-e12527bda752 is-layout-flow wp-block-column-is-layout-flow gtfy-32\">\n<figure class=\"wp-block-image aligncenter size-large gutenify-section-0259f170-3d24-11ee-a10e-e12527bda752 gtfy-29\"><img loading=\"lazy\" decoding=\"async\" width=\"1024\" height=\"768\" src=\"https:\/\/coyresa.com.gt\/wp-content\/uploads\/2023\/08\/WhatsApp-Image-2021-06-05-at-18.29.59-1-1024x768.jpeg\" alt=\"\" class=\"wp-image-190\" srcset=\"https:\/\/coyresa.com.gt\/wp-content\/uploads\/2023\/08\/WhatsApp-Image-2021-06-05-at-18.29.59-1-1024x768.jpeg 1024w, https:\/\/coyresa.com.gt\/wp-content\/uploads\/2023\/08\/WhatsApp-Image-2021-06-05-at-18.29.59-1-300x225.jpeg 300w, https:\/\/coyresa.com.gt\/wp-content\/uploads\/2023\/08\/WhatsApp-Image-2021-06-05-at-18.29.59-1-768x576.jpeg 768w, https:\/\/coyresa.com.gt\/wp-content\/uploads\/2023\/08\/WhatsApp-Image-2021-06-05-at-18.29.59-1.jpeg 1280w\" sizes=\"auto, (max-width: 1024px) 100vw, 1024px\" \/><figcaption class=\"wp-element-caption\">Dise\u00f1o y Remodelaci\u00f3n de Locales Comerciales &#8211; COYRESA<\/figcaption><\/figure>\n\n\n\n<h3 class=\"wp-block-heading has-text-align-center gutenify-section-6a9969a0-3d24-11ee-a10e-e12527bda752 gtfy-30\">Dise\u00f1o y Remodelaci\u00f3n de Locales Comerciales<\/h3>\n\n\n\n<p class=\"gutenify-section-aec3d250-3d24-11ee-a10e-e12527bda752 gtfy-31\">Dise\u00f1amos los ambientes de Locales Comerciales seg\u00fan sea la l\u00ednea comercial del negocio. Desarrollando los proyectos&nbsp;seg\u00fan las especificaciones solicitadas asegur\u00e1ndonos su total funcionalidad con la mejor calidad.<\/p>\n<\/div>\n<\/div>\n\n\n\n<hr class=\"wp-block-separator has-alpha-channel-opacity is-style-wide gutenify-section-6279ca00-3d54-11ee-86a9-7596da4def81 gtfy-36\"\/>\n\n\n\n<h2 class=\"wp-block-heading has-text-align-center gutenify-section-efffd830-3d25-11ee-a10e-e12527bda752 gtfy-39\">Ampliaciones, Remodelaciones y Mantenimiento<\/h2>\n\n\n\n<div class=\"wp-block-columns gutenify-section-33a55970-3d26-11ee-a10e-e12527bda752 is-layout-flex wp-container-core-columns-is-layout-28f84493 wp-block-columns-is-layout-flex gtfy-54\">\n<div class=\"wp-block-column gutenify-section-35d7a2c0-3d26-11ee-a10e-e12527bda752 is-layout-flow wp-block-column-is-layout-flow gtfy-45\">\n<figure class=\"wp-block-image aligncenter size-large gutenify-section-02df82e0-3d29-11ee-a10e-e12527bda752 gtfy-42\"><img loading=\"lazy\" decoding=\"async\" width=\"1024\" height=\"768\" src=\"https:\/\/coyresa.com.gt\/wp-content\/uploads\/2023\/08\/WhatsApp-Image-2021-06-05-at-18.15.50-1024x768.jpeg\" alt=\"\" class=\"wp-image-194\" srcset=\"https:\/\/coyresa.com.gt\/wp-content\/uploads\/2023\/08\/WhatsApp-Image-2021-06-05-at-18.15.50-1024x768.jpeg 1024w, https:\/\/coyresa.com.gt\/wp-content\/uploads\/2023\/08\/WhatsApp-Image-2021-06-05-at-18.15.50-300x225.jpeg 300w, https:\/\/coyresa.com.gt\/wp-content\/uploads\/2023\/08\/WhatsApp-Image-2021-06-05-at-18.15.50-768x576.jpeg 768w, https:\/\/coyresa.com.gt\/wp-content\/uploads\/2023\/08\/WhatsApp-Image-2021-06-05-at-18.15.50.jpeg 1280w\" sizes=\"auto, (max-width: 1024px) 100vw, 1024px\" \/><figcaption class=\"wp-element-caption\">P\u00e9rgolas &#8211; COYRESA<\/figcaption><\/figure>\n\n\n\n<h3 class=\"wp-block-heading has-text-align-center gutenify-section-259b2ed0-3d27-11ee-a10e-e12527bda752 gtfy-43\">P\u00e9rgolas<\/h3>\n\n\n\n<p class=\"gutenify-section-bd03dd30-3d27-11ee-a10e-e12527bda752 gtfy-44\">Dise\u00f1amos y Construimos P\u00e9rgolas acorde al espacio y necesidades de nuestros clientes.<\/p>\n<\/div>\n\n\n\n<div class=\"wp-block-column gutenify-section-35ff9d20-3d26-11ee-a10e-e12527bda752 is-layout-flow wp-block-column-is-layout-flow gtfy-49\">\n<figure class=\"wp-block-image aligncenter size-large gutenify-section-1a7a6880-3d28-11ee-a10e-e12527bda752 gtfy-46\"><img loading=\"lazy\" decoding=\"async\" width=\"1024\" height=\"768\" src=\"https:\/\/coyresa.com.gt\/wp-content\/uploads\/2023\/08\/WhatsApp-Image-2021-06-05-at-18.23.06-1024x768.jpeg\" alt=\"\" class=\"wp-image-192\" srcset=\"https:\/\/coyresa.com.gt\/wp-content\/uploads\/2023\/08\/WhatsApp-Image-2021-06-05-at-18.23.06-1024x768.jpeg 1024w, https:\/\/coyresa.com.gt\/wp-content\/uploads\/2023\/08\/WhatsApp-Image-2021-06-05-at-18.23.06-300x225.jpeg 300w, https:\/\/coyresa.com.gt\/wp-content\/uploads\/2023\/08\/WhatsApp-Image-2021-06-05-at-18.23.06-768x576.jpeg 768w, https:\/\/coyresa.com.gt\/wp-content\/uploads\/2023\/08\/WhatsApp-Image-2021-06-05-at-18.23.06.jpeg 1280w\" sizes=\"auto, (max-width: 1024px) 100vw, 1024px\" \/><figcaption class=\"wp-element-caption\">Car Port &#8211; COYRESA<\/figcaption><\/figure>\n\n\n\n<h3 class=\"wp-block-heading has-text-align-center gutenify-section-3a3417b0-3d29-11ee-a10e-e12527bda752 gtfy-47\">Car Port<\/h3>\n\n\n\n<p class=\"gutenify-section-8b460780-3d29-11ee-a10e-e12527bda752 gtfy-48\">Dise\u00f1amos y Construimos Car Port acorde al espacio y necesidades de nuestros clientes.<\/p>\n<\/div>\n\n\n\n<div class=\"wp-block-column gutenify-section-362881e0-3d26-11ee-a10e-e12527bda752 is-layout-flow wp-block-column-is-layout-flow gtfy-53\">\n<figure class=\"wp-block-image aligncenter size-large gutenify-section-d95d54f0-3d29-11ee-a10e-e12527bda752 gtfy-50\"><img loading=\"lazy\" decoding=\"async\" width=\"1024\" height=\"768\" src=\"https:\/\/coyresa.com.gt\/wp-content\/uploads\/2023\/08\/WhatsApp-Image-2022-04-09-at-7.55.15-PM-1024x768.jpeg\" alt=\"\" class=\"wp-image-97\" srcset=\"https:\/\/coyresa.com.gt\/wp-content\/uploads\/2023\/08\/WhatsApp-Image-2022-04-09-at-7.55.15-PM-1024x768.jpeg 1024w, https:\/\/coyresa.com.gt\/wp-content\/uploads\/2023\/08\/WhatsApp-Image-2022-04-09-at-7.55.15-PM-300x225.jpeg 300w, https:\/\/coyresa.com.gt\/wp-content\/uploads\/2023\/08\/WhatsApp-Image-2022-04-09-at-7.55.15-PM-768x576.jpeg 768w, https:\/\/coyresa.com.gt\/wp-content\/uploads\/2023\/08\/WhatsApp-Image-2022-04-09-at-7.55.15-PM-1536x1152.jpeg 1536w, https:\/\/coyresa.com.gt\/wp-content\/uploads\/2023\/08\/WhatsApp-Image-2022-04-09-at-7.55.15-PM.jpeg 1600w\" sizes=\"auto, (max-width: 1024px) 100vw, 1024px\" \/><figcaption class=\"wp-element-caption\">Gabinetes de Cocina &#8211; COYRESA<\/figcaption><\/figure>\n\n\n\n<h3 class=\"wp-block-heading has-text-align-center gutenify-section-1384b8d0-3d2a-11ee-a10e-e12527bda752 gtfy-51\">Gabinetes de Cocina<\/h3>\n\n\n\n<p class=\"gutenify-section-4e2bacf0-3d2a-11ee-a10e-e12527bda752 gtfy-52\">Dise\u00f1amos y elaboramos Gabinetes de Cocina acorde al espacio y necesidades de nuestros clientes.<\/p>\n<\/div>\n<\/div>\n\n\n\n<div class=\"wp-block-columns gutenify-section-e88a1bb0-3d2a-11ee-a10e-e12527bda752 is-layout-flex wp-container-core-columns-is-layout-28f84493 wp-block-columns-is-layout-flex gtfy-69\">\n<div class=\"wp-block-column gutenify-section-ea4e39e0-3d2a-11ee-a10e-e12527bda752 is-layout-flow wp-block-column-is-layout-flow gtfy-60\">\n<figure class=\"wp-block-image aligncenter size-large gutenify-section-fffd5fa0-3d2a-11ee-a10e-e12527bda752 gtfy-57\"><img loading=\"lazy\" decoding=\"async\" width=\"1024\" height=\"768\" src=\"https:\/\/coyresa.com.gt\/wp-content\/uploads\/2023\/08\/WhatsApp-Image-2021-06-05-at-18.30.45-1-1024x768.jpeg\" alt=\"\" class=\"wp-image-195\" srcset=\"https:\/\/coyresa.com.gt\/wp-content\/uploads\/2023\/08\/WhatsApp-Image-2021-06-05-at-18.30.45-1-1024x768.jpeg 1024w, https:\/\/coyresa.com.gt\/wp-content\/uploads\/2023\/08\/WhatsApp-Image-2021-06-05-at-18.30.45-1-300x225.jpeg 300w, https:\/\/coyresa.com.gt\/wp-content\/uploads\/2023\/08\/WhatsApp-Image-2021-06-05-at-18.30.45-1-768x576.jpeg 768w, https:\/\/coyresa.com.gt\/wp-content\/uploads\/2023\/08\/WhatsApp-Image-2021-06-05-at-18.30.45-1.jpeg 1280w\" sizes=\"auto, (max-width: 1024px) 100vw, 1024px\" \/><figcaption class=\"wp-element-caption\">Pisos y Azulejos &#8211; COYRESA-<\/figcaption><\/figure>\n\n\n\n<h3 class=\"wp-block-heading has-text-align-center gutenify-section-786afe70-3d2b-11ee-a10e-e12527bda752 gtfy-58\">Pisos y Azulejos<\/h3>\n\n\n\n<p class=\"gutenify-section-9073af20-3d2c-11ee-a10e-e12527bda752 gtfy-59\">Instalamos Pisos y azulejos seg\u00fan el dise\u00f1o deseado del cliente.<\/p>\n<\/div>\n\n\n\n<div class=\"wp-block-column gutenify-section-ea7ebfc0-3d2a-11ee-a10e-e12527bda752 is-layout-flow wp-block-column-is-layout-flow gtfy-64\">\n<figure class=\"wp-block-image aligncenter size-large gutenify-section-2e47ee40-3d2e-11ee-a10e-e12527bda752 gtfy-61\"><img loading=\"lazy\" decoding=\"async\" width=\"1024\" height=\"768\" src=\"https:\/\/coyresa.com.gt\/wp-content\/uploads\/2023\/08\/WhatsApp-Image-2021-06-05-at-18.33.11-1-1024x768.jpeg\" alt=\"\" class=\"wp-image-202\" srcset=\"https:\/\/coyresa.com.gt\/wp-content\/uploads\/2023\/08\/WhatsApp-Image-2021-06-05-at-18.33.11-1-1024x768.jpeg 1024w, https:\/\/coyresa.com.gt\/wp-content\/uploads\/2023\/08\/WhatsApp-Image-2021-06-05-at-18.33.11-1-300x225.jpeg 300w, https:\/\/coyresa.com.gt\/wp-content\/uploads\/2023\/08\/WhatsApp-Image-2021-06-05-at-18.33.11-1-768x576.jpeg 768w, https:\/\/coyresa.com.gt\/wp-content\/uploads\/2023\/08\/WhatsApp-Image-2021-06-05-at-18.33.11-1.jpeg 1032w\" sizes=\"auto, (max-width: 1024px) 100vw, 1024px\" \/><figcaption class=\"wp-element-caption\">Filtraciones e Impermeabilizaciones &#8211; COYRESA<\/figcaption><\/figure>\n\n\n\n<h3 class=\"wp-block-heading has-text-align-center gutenify-section-72831fd0-3d2e-11ee-a10e-e12527bda752 gtfy-62\">Filtraciones e Impermeabilizaciones<\/h3>\n\n\n\n<p class=\"gutenify-section-8c263c10-3d2e-11ee-a10e-e12527bda752 gtfy-63\">Realizamos trabajos para reparar filtraciones de humedad.  Hacemos trabajos de impermeabilizaci\u00f3n de Lozas<\/p>\n<\/div>\n\n\n\n<div class=\"wp-block-column gutenify-section-eaaed070-3d2a-11ee-a10e-e12527bda752 is-layout-flow wp-block-column-is-layout-flow gtfy-68\">\n<figure class=\"wp-block-image aligncenter size-full is-resized gutenify-section-dff8ab70-3d2e-11ee-a10e-e12527bda752 gtfy-65\"><img loading=\"lazy\" decoding=\"async\" src=\"https:\/\/coyresa.com.gt\/wp-content\/uploads\/2023\/08\/WhatsApp-Image-2021-06-05-at-18.30.00-1.jpeg\" alt=\"\" class=\"wp-image-197\" style=\"width:165px;height:219px\" width=\"165\" height=\"219\" srcset=\"https:\/\/coyresa.com.gt\/wp-content\/uploads\/2023\/08\/WhatsApp-Image-2021-06-05-at-18.30.00-1.jpeg 288w, https:\/\/coyresa.com.gt\/wp-content\/uploads\/2023\/08\/WhatsApp-Image-2021-06-05-at-18.30.00-1-226x300.jpeg 226w\" sizes=\"auto, (max-width: 165px) 100vw, 165px\" \/><figcaption class=\"wp-element-caption\">Closets &#8211; COYRESA<\/figcaption><\/figure>\n\n\n\n<h3 class=\"wp-block-heading has-text-align-center gutenify-section-b73b2d10-3d2f-11ee-a10e-e12527bda752 gtfy-66\">Closets<\/h3>\n\n\n\n<p class=\"gutenify-section-d5461040-3d2f-11ee-a10e-e12527bda752 gtfy-67\">Dise\u00f1amos  he instalamos Closets seg\u00fan sea los gustos y necesidades de nuestros clientes<\/p>\n<\/div>\n<\/div>\n\n\n\n<hr class=\"wp-block-separator has-alpha-channel-opacity is-style-wide gutenify-section-57a96310-3d54-11ee-86a9-7596da4def81 gtfy-72\"\/>\n\n\n\n<h2 class=\"wp-block-heading has-text-align-center gutenify-section-37c7a760-3d30-11ee-a10e-e12527bda752 gtfy-75\">Contamos con Financiamiento a trav\u00e9s de<\/h2>\n\n\n\n<div class=\"wp-block-columns gutenify-section-627121d0-3d30-11ee-a10e-e12527bda752 is-layout-flex wp-container-core-columns-is-layout-28f84493 wp-block-columns-is-layout-flex gtfy-84\">\n<div class=\"wp-block-column gutenify-section-65934960-3d30-11ee-a10e-e12527bda752 is-layout-flow wp-block-column-is-layout-flow gtfy-80\">\n<figure class=\"wp-block-image size-full is-resized gutenify-section-6fe92920-3d30-11ee-a10e-e12527bda752 gtfy-78\"><img loading=\"lazy\" decoding=\"async\" src=\"https:\/\/coyresa.com.gt\/wp-content\/uploads\/2023\/08\/BI-trans.jpg\" alt=\"\" class=\"wp-image-203\" style=\"width:434px;height:244px\" width=\"434\" height=\"244\"\/><figcaption class=\"wp-element-caption\">Fin BANCO INDUSTRIAL, S.A.<\/figcaption><\/figure>\n\n\n\n<h3 class=\"wp-block-heading has-text-align-center gutenify-section-a84e9c40-3d31-11ee-a10e-e12527bda752 gtfy-79\">Financiamiento Bancario<\/h3>\n<\/div>\n\n\n\n<div class=\"wp-block-column gutenify-section-65c7edf0-3d30-11ee-a10e-e12527bda752 is-layout-flow wp-block-column-is-layout-flow gtfy-83\">\n<figure class=\"wp-block-image size-full is-resized gutenify-section-98720d80-3d30-11ee-a10e-e12527bda752 gtfy-81\"><img loading=\"lazy\" decoding=\"async\" src=\"https:\/\/coyresa.com.gt\/wp-content\/uploads\/2023\/08\/visa-master.jpeg\" alt=\"\" class=\"wp-image-204\" style=\"width:434px;height:243px\" width=\"434\" height=\"243\"\/><figcaption class=\"wp-element-caption\">VISA \/ MasterCard<\/figcaption><\/figure>\n\n\n\n<h3 class=\"wp-block-heading has-text-align-center gutenify-section-d81e72b0-3d31-11ee-a10e-e12527bda752 gtfy-82\">Tarjetas de Credito<\/h3>\n<\/div>\n<\/div>\n","protected":false},"excerpt":{"rendered":"<p>CONSTRUCCI\u00d3N DE VIVIENDAS Dise\u00f1o de Viviendas Realizamos los dise\u00f1os de diferentes tipos de viviendas.&nbsp; Presentamos [&hellip;]<\/p>\n","protected":false},"author":1,"featured_media":0,"parent":0,"menu_order":0,"comment_status":"closed","ping_status":"closed","template":"","meta":{"footnotes":""},"class_list":["post-151","page","type-page","status-publish","hentry"],"_links":{"self":[{"href":"https:\/\/coyresa.com.gt\/index.php\/wp-json\/wp\/v2\/pages\/151","targetHints":{"allow":["GET"]}}],"collection":[{"href":"https:\/\/coyresa.com.gt\/index.php\/wp-json\/wp\/v2\/pages"}],"about":[{"href":"https:\/\/coyresa.com.gt\/index.php\/wp-json\/wp\/v2\/types\/page"}],"author":[{"embeddable":true,"href":"https:\/\/coyresa.com.gt\/index.php\/wp-json\/wp\/v2\/users\/1"}],"replies":[{"embeddable":true,"href":"https:\/\/coyresa.com.gt\/index.php\/wp-json\/wp\/v2\/comments?post=151"}],"version-history":[{"count":7,"href":"https:\/\/coyresa.com.gt\/index.php\/wp-json\/wp\/v2\/pages\/151\/revisions"}],"predecessor-version":[{"id":215,"href":"https:\/\/coyresa.com.gt\/index.php\/wp-json\/wp\/v2\/pages\/151\/revisions\/215"}],"wp:attachment":[{"href":"https:\/\/coyresa.com.gt\/index.php\/wp-json\/wp\/v2\/media?parent=151"}],"curies":[{"name":"wp","href":"https:\/\/api.w.org\/{rel}","templated":true}]}}