{"id":15,"date":"2023-08-08T02:47:42","date_gmt":"2023-08-08T02:47:42","guid":{"rendered":"https:\/\/coyresa.com.gt\/?page_id=15"},"modified":"2023-08-10T17:27:16","modified_gmt":"2023-08-10T23:27:16","slug":"about","status":"publish","type":"page","link":"https:\/\/coyresa.com.gt\/index.php\/about\/","title":{"rendered":"Sobre Nosotros"},"content":{"rendered":"\n\n\n\n\n\n\n<div style=\"height:61px\" aria-hidden=\"true\" class=\"wp-block-spacer gutenify-section-34f6f560-3644-11ee-a1a8-13b514cdcfc3 gtfy-10\"><\/div>\n\n\n\n<div class=\"wp-block-columns gutenify-section-40ac8c30-3644-11ee-a1a8-13b514cdcfc3 is-layout-flex wp-container-core-columns-is-layout-28f84493 wp-block-columns-is-layout-flex gtfy-18\">\n<div class=\"wp-block-column is-vertically-aligned-center gutenify-section-44888de0-3644-11ee-a1a8-13b514cdcfc3 is-layout-flow wp-block-column-is-layout-flow gtfy-14\" style=\"flex-basis:33.33%\">\n<h2 class=\"wp-block-heading gutenify-section-4e065d20-3644-11ee-a1a8-13b514cdcfc3 gtfy-13\"><strong>\u00bfQUIENES SOMOS?<\/strong><\/h2>\n<\/div>\n\n\n\n<div class=\"wp-block-column gutenify-section-44895130-3644-11ee-a1a8-13b514cdcfc3 is-layout-flow wp-block-column-is-layout-flow gtfy-17\" style=\"flex-basis:66.66%\">\n<p class=\"gutenify-section-5fc24fb0-3644-11ee-a1a8-13b514cdcfc3 gtfy-15\">Una empresa constructora de capital 100% guatemalteco. La cual\u00a0se dedica, a la construcci\u00f3n, remodelaci\u00f3n y mantenimiento de espacios confortables tanto en \u00e1reas comerciales como de vivienda.<\/p>\n\n\n\n<p class=\"gutenify-section-5fc50ed0-3644-11ee-a1a8-13b514cdcfc3 gtfy-16\">Nuestro capital humano se compone de profesionales con m\u00e1s de 10 a\u00f1os de experiencia en desarrollo de proyectos. Orientados a cumplir con los requerimientos de los clientes.<\/p>\n<\/div>\n<\/div>\n\n\n\n<div class=\"wp-block-group has-text-color has-background gutenify-section-db1142e0-364c-11ee-b17d-c583fbba9106 is-layout-constrained wp-block-group-is-layout-constrained gtfy-35\" style=\"color:#575756;background-color:#fabc5b\">\n<div class=\"wp-block-columns gutenify-section-eb04cb20-3644-11ee-a1a8-13b514cdcfc3 is-layout-flex wp-container-core-columns-is-layout-28f84493 wp-block-columns-is-layout-flex gtfy-34\">\n<div class=\"wp-block-column gutenify-section-ed6b91f0-3644-11ee-a1a8-13b514cdcfc3 is-layout-flow wp-block-column-is-layout-flow gtfy-23\">\n<figure class=\"wp-block-image aligncenter size-full is-resized gutenify-section-faa277f0-364c-11ee-b17d-c583fbba9106 gtfy-21\"><img loading=\"lazy\" decoding=\"async\" src=\"https:\/\/coyresa.com.gt\/wp-content\/uploads\/2023\/08\/vision.png\" alt=\"\" class=\"wp-image-113\" style=\"width:181px;height:183px\" width=\"181\" height=\"183\" srcset=\"https:\/\/coyresa.com.gt\/wp-content\/uploads\/2023\/08\/vision.png 560w, https:\/\/coyresa.com.gt\/wp-content\/uploads\/2023\/08\/vision-296x300.png 296w\" sizes=\"auto, (max-width: 181px) 100vw, 181px\" \/><figcaption class=\"wp-element-caption\">Visi\u00f3n<\/figcaption><\/figure>\n\n\n\n<p class=\"has-foreground-color has-text-color gutenify-section-05349d60-364d-11ee-b17d-c583fbba9106 gtfy-22\">Para el a\u00f1o 2025, seremos una empresa la cual ya se encuentre totalmente establecida dentro del mercado de la construcci\u00f3n guatemalteco. Desarrollando proyectos de construcci\u00f3n, mantenimiento y remodelaci\u00f3n en \u00e1reas de uso comercial y habitacional. Seremos la opci\u00f3n preferida por nuestros clientes, por mostrar un alto servicio al cliente, calidad humana y profesionalismo de nuestro equipo de trabajo.<\/p>\n<\/div>\n\n\n\n<div class=\"wp-block-column has-background-background-color has-background gutenify-section-ed6c7c50-3644-11ee-a1a8-13b514cdcfc3 is-layout-flow wp-block-column-is-layout-flow gtfy-26\">\n<figure class=\"wp-block-image aligncenter size-full is-resized gutenify-section-91901f60-364c-11ee-b17d-c583fbba9106 gtfy-24\"><img loading=\"lazy\" decoding=\"async\" src=\"https:\/\/coyresa.com.gt\/wp-content\/uploads\/2023\/08\/mision.jpeg\" alt=\"\" class=\"wp-image-112\" style=\"width:184px;height:184px\" width=\"184\" height=\"184\" srcset=\"https:\/\/coyresa.com.gt\/wp-content\/uploads\/2023\/08\/mision.jpeg 225w, https:\/\/coyresa.com.gt\/wp-content\/uploads\/2023\/08\/mision-150x150.jpeg 150w\" sizes=\"auto, (max-width: 184px) 100vw, 184px\" \/><figcaption class=\"wp-element-caption\">Misi\u00f3n<\/figcaption><\/figure>\n\n\n\n<p class=\"has-normal-font-size gutenify-section-a7deb970-364c-11ee-b17d-c583fbba9106 gtfy-25\">Somos una empresa de servicio de mantenimiento y remodelaci\u00f3n de \u00e1reas de uso comercial y habitacional. Desarrollando proyectos donde se requieran servicios de construcci\u00f3n, remodelaci\u00f3n y mantenimientos de \u00e1reas de  habitaci\u00f3n. Enfocados en atender a nuestros clientes para cumplir con sus principales requerimientos con soluciones a la m\u00e9dida.<\/p>\n<\/div>\n\n\n\n<div class=\"wp-block-column gutenify-section-ed6d8dc0-3644-11ee-a1a8-13b514cdcfc3 is-layout-flow wp-block-column-is-layout-flow gtfy-33\">\n<figure class=\"wp-block-image aligncenter size-full is-resized gutenify-section-bd65ef60-364d-11ee-b17d-c583fbba9106 gtfy-27\"><img loading=\"lazy\" decoding=\"async\" src=\"https:\/\/coyresa.com.gt\/wp-content\/uploads\/2023\/08\/valores.gif\" alt=\"\" class=\"wp-image-114\" style=\"width:147px;height:189px\" width=\"147\" height=\"189\"\/><figcaption class=\"wp-element-caption\">Valores<\/figcaption><\/figure>\n\n\n\n<p class=\"has-foreground-color has-text-color has-normal-font-size gutenify-section-d28dbcb0-364d-11ee-b17d-c583fbba9106 gtfy-28\" style=\"line-height:1.2\">Se fundamenta en los siguientes valores. Pilares sobre los que estableceremos nuestras relaciones de negocio, entre los miembros del equipo, con clientes y proveedores.<\/p>\n\n\n\n<p class=\"has-foreground-color has-text-color has-normal-font-size gutenify-section-d28ef530-364d-11ee-b17d-c583fbba9106 gtfy-29\" style=\"line-height:1.2\"><strong>Integridad: <\/strong>Actuar en consecuencia con lo que decimos.<\/p>\n\n\n\n<p class=\"has-foreground-color has-text-color has-normal-font-size gutenify-section-d29054c0-364d-11ee-b17d-c583fbba9106 gtfy-30\" style=\"line-height:1.2\"><strong>Servicio al Cliente: <\/strong>Estamos enfocados en obtener la satisfacci\u00f3n de nuestros clientes.<\/p>\n\n\n\n<p class=\"has-foreground-color has-text-color has-normal-font-size gutenify-section-d294c190-364d-11ee-b17d-c583fbba9106 gtfy-31\" style=\"line-height:1.2\"><strong>Seguridad:<\/strong>&nbsp; Regresar a casa en las mismas condiciones que salimos.<\/p>\n\n\n\n<p class=\"has-foreground-color has-text-color has-normal-font-size gutenify-section-ddb1e8f0-364d-11ee-b17d-c583fbba9106 gtfy-32\" style=\"line-height:1.2\"><strong>Responsabilidad:<\/strong>&nbsp; Cumplir con lo que ofrecimos<\/p>\n<\/div>\n<\/div>\n<\/div>\n\n\n\n<p class=\"gutenify-section-54c994b0-364e-11ee-b17d-c583fbba9106 gtfy-38\"><\/p>\n","protected":false},"excerpt":{"rendered":"<p>\u00bfQUIENES SOMOS? Una empresa constructora de capital 100% guatemalteco. La cual\u00a0se dedica, a la construcci\u00f3n, [&hellip;]<\/p>\n","protected":false},"author":1,"featured_media":8,"parent":0,"menu_order":0,"comment_status":"closed","ping_status":"closed","template":"","meta":{"footnotes":""},"class_list":["post-15","page","type-page","status-publish","has-post-thumbnail","hentry"],"_links":{"self":[{"href":"https:\/\/coyresa.com.gt\/index.php\/wp-json\/wp\/v2\/pages\/15","targetHints":{"allow":["GET"]}}],"collection":[{"href":"https:\/\/coyresa.com.gt\/index.php\/wp-json\/wp\/v2\/pages"}],"about":[{"href":"https:\/\/coyresa.com.gt\/index.php\/wp-json\/wp\/v2\/types\/page"}],"author":[{"embeddable":true,"href":"https:\/\/coyresa.com.gt\/index.php\/wp-json\/wp\/v2\/users\/1"}],"replies":[{"embeddable":true,"href":"https:\/\/coyresa.com.gt\/index.php\/wp-json\/wp\/v2\/comments?post=15"}],"version-history":[{"count":7,"href":"https:\/\/coyresa.com.gt\/index.php\/wp-json\/wp\/v2\/pages\/15\/revisions"}],"predecessor-version":[{"id":166,"href":"https:\/\/coyresa.com.gt\/index.php\/wp-json\/wp\/v2\/pages\/15\/revisions\/166"}],"wp:featuredmedia":[{"embeddable":true,"href":"https:\/\/coyresa.com.gt\/index.php\/wp-json\/wp\/v2\/media\/8"}],"wp:attachment":[{"href":"https:\/\/coyresa.com.gt\/index.php\/wp-json\/wp\/v2\/media?parent=15"}],"curies":[{"name":"wp","href":"https:\/\/api.w.org\/{rel}","templated":true}]}}